{"id":48,"date":"2024-07-15T12:42:57","date_gmt":"2024-07-15T12:42:57","guid":{"rendered":"https:\/\/cleefbible.com\/?page_id=48"},"modified":"2024-07-15T12:43:05","modified_gmt":"2024-07-15T12:43:05","slug":"blog","status":"publish","type":"page","link":"https:\/\/cleefbible.com\/fr\/blog\/","title":{"rendered":"Blog"},"content":{"rendered":"<p>[et_pb_section fb_built=\u201d1\u2033 custom_padding=\u201d0px||30px||false|false\u201d custom_padding_tablet=\u201d22px||22px||true|false\u201d custom_padding_phone=\u201d22px||22px||true|false\u201d custom_padding_last_edited=\u201don|phone\u201d admin_label=\u201dCouverture du blog\u201d _builder_version=\u201d4.24.3\u2033 _module_preset=\u201d01c6ffc7-f2ab-4daa-8c3f-f9f3f648fa91\u2033 background_color=\u201d#075A9D\u201d background_image=\u201dhttps:\/\/www.cleefcompany.com\/wp-content\/uploads\/2021\/10\/Blog..jpg\u201d background_blend=\u201dmultiply\u201d custom_margin=&quot;||||false|false&quot; global_colors_info=&quot;{}&quot; theme_builder_area=&quot;post_content&quot;][et_pb_row use_custom_gutter=&quot;on&quot; gutter_width=&quot;2&quot; make_equal=&quot;on&quot; custom_padding_last_edited=&quot;on|tablet&quot; _builder_version=&quot;4.16&quot; _module_preset=&quot;default&quot; background_enable_image=&quot;off&quot; custom_padding=&quot;40px|30px|40px|30px|true|true&quot; custom_padding_tablet=&quot;30px||30px||true|false&quot; custom_padding_phone=&quot;&quot; custom_width_px__hover=&quot;1080px&quot; custom_width_px__hover_enabled=&quot;1080px&quot; custom_width_percent__hover=&quot;80%&quot; custom_width_percent__hover_enabled=&quot;80%&quot; locked=&quot;off&quot; global_colors_info=&quot;{}&quot; background_color_gradient_start__hover=&quot;#2b87da&quot; background_color_gradient_start__hover_enabled=&quot;#2b87da&quot; background_color_gradient_end__hover=&quot;#29c4a9&quot; background_color_gradient_end__hover_enabled=&quot;#29c4a9&quot; use_background_color_gradient__hover=&quot;off&quot; use_background_color_gradient__hover_enabled=&quot;off&quot; background_color_gradient_type__hover=&quot;linear&quot; background_color_gradient_type__hover_enabled=&quot;linear&quot; background_color_gradient_direction__hover=&quot;180deg&quot; background_color_gradient_direction__hover_enabled=&quot;180deg&quot; background_color_gradient_direction_radial__hover=&quot;center&quot; background_color_gradient_direction_radial__hover_enabled=&quot;center&quot; background_color_gradient_start_position__hover=&quot;0%&quot; background_color_gradient_start_position__hover_enabled=&quot;0%&quot; background_color_gradient_end_position__hover=&quot;100%&quot; background_color_gradient_end_position__hover_enabled=&quot;100%&quot; background_color_gradient_overlays_image__hover=&quot;off&quot; background_color_gradient_overlays_image__hover_enabled=&quot;off&quot; make_fullwidth__hover=&quot;off&quot; make_fullwidth__hover_enabled=&quot;off&quot; use_custom_width__hover=&quot;off&quot; use_custom_width__hover_enabled=&quot;off&quot; width_unit__hover=&quot;on&quot; width_unit__hover_enabled=&quot;on&quot; use_custom_gutter__hover=&quot;off&quot; use_custom_gutter__hover_enabled=&quot;off&quot; gutter_width__hover=&quot;3&quot; gutter_width__hover_enabled=&quot;3&quot; make_equal__hover=&quot;off&quot; make_equal__hover_enabled=&quot;off&quot; background_color_gradient_stops__hover=&quot;#2b87da 0%|#29c4a9 100%&quot; theme_builder_area=&quot;post_content&quot;][et_pb_column type=&quot;4_4&quot; _builder_version=\u201d4.16\u2033 _module_preset=\u201ddefault\u201d custom_padding=\u201d|||\u201d custom_padding_last_edited=\u201doff|desktop\u201d global_colors_info=\u201d{}\u201d padding_last_edited=\u201doff|desktop\u201d custom_padding__hover=\u201d|||\u201d theme_builder_area=\u201dpost_content\u201d][et_pb_text text_text_color=\u201d#FFFFFF\u201d text_font_size=\u201d29px\u201d text_font_size_tablet=\u201d25px\u201d text_font_size_phone=\u201d22px\u201d text_font_size_last_edited=\u201don|phone\u201d text_line_height=\u201d1.8em\u201d header_font=\u201dRoboto|900|||||||\u201d alignement_texte_en-t\u00eate=&quot;gauche&quot; alignement_texte_en-t\u00eate_derni\u00e8re_modification=&quot;sur|ordinateur&quot; couleur_texte_en-t\u00eate=&quot;#FFFFFF&quot; taille_police_en-t\u00eate=&quot;65px&quot; taille_police_en-t\u00eate_tablette=&quot;45px&quot; taille_police_en-t\u00eate_t\u00e9l\u00e9phone=&quot;35px&quot; taille_police_en-t\u00eate_derni\u00e8re_modification=&quot;sur|t\u00e9l\u00e9phone&quot; interligne_en-t\u00eate=&quot;1,2em&quot; interligne_en-t\u00eate_tablette=&quot;1,5em&quot; interligne_en-t\u00eate_t\u00e9l\u00e9phone=&quot;1,3em&quot; interligne_en-t\u00eate_derni\u00e8re_modification=&quot;sur|ordinateur&quot; police_en-t\u00eate_2=&quot;|600||||||||&quot; header_2_text_align=&quot;center&quot; header_2_text_color=&quot;#000000&quot; header_2_font_size=&quot;40px&quot; header_2_font_size_tablet=&quot;35px&quot; header_2_font_size_phone=&quot;20px&quot; header_2_font_size_last_edited=&quot;on|desktop&quot; header_2_line_height=&quot;1.2em&quot; _builder_version=&quot;4.26.1&quot; _module_preset=&quot;9dcd691c-2a53-439d-9f69-d20be4c8c6a1&quot; background_layout=&quot;dark&quot; hover_enabled=&quot;0&quot; header_text_align_tablet=&quot;left&quot; header_text_align_phone=&quot;left&quot; global_colors_info=&quot;{}&quot; taille_police_header_2__hover=\u201d26px\u201d taille_police_header_2__hover_enabled=\u201d26px\u201d espacement_lettres_header_2__hover=\u201d0px\u201d espacement_lettres_header_2__hover_enabled=\u201d0px\u201d hauteur_ligne_header_2__hover=\u201d1em\u201d hauteur_ligne_header_2__hover_enabled=\u201d1em\u201d style_ombre_texte_header_2__hover=\u201daucun\u201d style_ombre_texte_header_2__hover_enabled=\u201daucun\u201d couleur_ombre_texte_header_2__hover=\u201drgba(0,0,0,0.4)\u201d couleur_ombre_texte_header_2__hover_enabled=\u201drgba(0,0,0,0.4)\u201d taille_police_header_3__hover=\u201d22px\u201d header_3_font_size__hover_enabled=\u201d22px\u201d header_3_letter_spacing__hover=\u201d0px\u201d header_3_letter_spacing__hover_enabled=\u201d0px\u201d header_3_line_height__hover=\u201d1em\u201d header_3_line_height__hover_enabled=\u201d1em\u201d header_3_text_shadow_style__hover=\u201dnone\u201d header_3_text_shadow_style__hover_enabled=\u201dnone\u201d header_3_text_shadow_color__hover=\u201drgba(0,0,0,0.4)\u201d header_3_text_shadow_color__hover_enabled=\u201drgba(0,0,0,0.4)\u201d header_font_size__hover=\u201d22px\u201d header_font_size__hover_enabled=\u201d22px\u201d header_letter_spacing__hover=\u201d0px\u201d header_letter_spacing__hover_enabled=&quot;0px&quot; header_line_height__hover=&quot;1em&quot; header_line_height__hover_enabled=&quot;1em&quot; header_text_shadow_style__hover=&quot;none&quot; header_text_shadow_style__hover_enabled=&quot;none&quot; header_text_shadow_color__hover=&quot;rgba(0,0,0,0.4)&quot; header_text_shadow_color__hover_enabled=&quot;rgba(0,0,0,0.4)&quot; theme_builder_area=&quot;post_content&quot; sticky_enabled=&quot;0&quot;]<\/p>\n<h1>Notre blog<\/h1>\n<p>D\u00e9couvrez la v\u00e9rit\u00e9 biblique dans chaque entr\u00e9e. Explorez nos derniers articles et approfondissez votre foi.<\/p>\n<p>[et_pb_text][\/et_pb_column][\/et_pb_row][\/et_pb_section][et_pb_section fb_built=\u201d1\u2033 custom_padding=\u201d0|0px|0|0px|false|false\u201d custom_padding_tablet=\u201d22px||22px||true|false\u201d custom_padding_phone=\u201d22px||22px||true|false\u201d custom_padding_last_edited=\u201don|phone\u201d admin_label=\u201dBlog\u201d _builder_version=\u201d4.16\u2033 _module_preset=\u201d01c6ffc7-f2ab-4daa-8c3f-f9f3f648fa91\u2033 global_colors_info=\u201d{}\u201d theme_builder_area=\u201dpost_content\u201d][et_pb_row use_custom_gutter=\u201don\u201d gutter_width=\u201d2\u2033 make_equal=\u201don\u201d _builder_version=\u201d4.16\u2033 _module_preset=\u201ddefault\u201d custom_margin=\u201d40px||\u201d custom_padding=\u201d27px|0px|0|0px|false|false\u201d border_color_all=\u201drgba(0,0,0,0.08)\u201d border_width_top=\u201d6px\u201d global_colors_info=\u201d{}\u201d theme_builder_area=\u201dpost_content\u201d][et_pb_column type=\u201d4_4\u2033 _builder_version=\u201d4.16\u2033 _module_preset=\u201ddefault\u201d custom_padding=\u201d|||\u201d global_colors_info=\u201d{}\u201d custom_padding__hover=\u201d|||\u201d theme_builder_area=&quot;post_content&quot;][et_pb_text text_text_color=&quot;#000000&quot; text_font_size_tablet=&quot;17px&quot; text_font_size_phone=&quot;16px&quot; text_font_size_last_edited=&quot;on|desktop&quot; text_line_height=&quot;1.8em&quot; header_font=&quot;|||||||||&quot; alignement_texte_en-t\u00eate=&quot;centre&quot; alignement_texte_en-t\u00eate_derni\u00e8re_modification=&quot;sur|ordinateur&quot; couleur_texte_en-t\u00eate=&quot;#000000&quot; taille_police_en-t\u00eate=&quot;45px&quot; taille_police_en-t\u00eate_tablette=&quot;40px&quot; taille_police_en-t\u00eate_t\u00e9l\u00e9phone=&quot;30px&quot; taille_police_en-t\u00eate_derni\u00e8re_modification=&quot;sur|tablette&quot; interligne_en-t\u00eate=&quot;1,5em&quot; interligne_en-t\u00eate_tablette=&quot;1,5em&quot; interligne_en-t\u00eate_t\u00e9l\u00e9phone=&quot;1,3em&quot; interligne_en-t\u00eate_derni\u00e8re_modification=&quot;sur|ordinateur&quot; police_en-t\u00eate_2=&quot;Roboto|900||||||||&quot; header_2_text_align=&quot;center&quot; header_2_text_color=&quot;#000000&quot; header_2_font_size=&quot;40px&quot; header_2_font_size_tablet=&quot;30px&quot; header_2_font_size_phone=&quot;24px&quot; header_2_font_size_last_edited=&quot;on|desktop&quot; header_2_line_height=&quot;1.4em&quot; text_orientation=&quot;center&quot; _builder_version=&quot;4.16&quot; _module_preset=&quot;9dcd691c-2a53-439d-9f69-d20be4c8c6a1&quot; text_font=&quot;||||||||&quot; background_color=&quot;#ffffff&quot; max_width=&quot;440px&quot; module_alignment=&quot;center&quot; custom_margin=&quot;-4.2em||&quot; custom_padding=&quot;|20px|0px|20px||true&quot; global_colors_info=&quot;{}&quot; header_3_font_size__hover=&quot;22px&quot; header_3_font_size__hover_enabled=&quot;22px&quot; header_3_letter_spacing__hover=&quot;0px&quot; header_3_letter_spacing__hover_enabled=&quot;0px&quot; header_3_line_height__hover=&quot;1em&quot; header_3_line_height__hover_enabled=&quot;1em&quot; header_3_text_shadow_style__hover=&quot;none&quot; header_3_text_shadow_style__hover_enabled=&quot;none&quot; header_3_text_shadow_color__hover=&quot;rgba(0,0,0,0.4)&quot; header_3_text_shadow_color__hover_enabled=&quot;rgba(0,0,0,0.4)&quot; theme_builder_area=&quot;post_content&quot; header_text_align_tablet=&quot;center&quot; header_text_align_phone=&quot;center&quot;]<\/p>\n<h2>Derniers articles<\/h2>\n<p>[\/et_pb_text][\/et_pb_column][\/et_pb_row][et_pb_row use_custom_gutter=\u201don\u201d gutter_width=\u201d2\u2033 _builder_version=\u201d4.16\u2033 _module_preset=\u201ddefault\u201d custom_padding=\u201d0|0px|0|0px|false|false\u201d locked=\u201doff\u201d global_colors_info=\u201d{}\u201d theme_builder_area=\u201dpost_content\u201d][et_pb_column type=\u201d4_4\u2033 _builder_version=\u201d4.16\u2033 _module_preset=\u201ddefault\u201d custom_padding=\u201d|||\u201d global_colors_info=\u201d{}\u201d custom_padding__hover=\u201d|||\u201d theme_builder_area=&quot;post_content&quot;][et_pb_blog fullwidth=&quot;off&quot; posts_number=&quot;1000000&quot; include_categories=&quot;all&quot; show_author=&quot;off&quot; show_date=&quot;off&quot; show_categories=&quot;off&quot; show_excerpt=&quot;off&quot; _builder_version=&quot;4.24.2&quot; _module_preset=&quot;default&quot; header_font=&quot;|600|||||||&quot; header_text_align=&quot;left&quot; header_text_color=&quot;#000000&quot; header_font_size=&quot;24px&quot; header_line_height=&quot;1.7em&quot; hover_enabled=&quot;0&quot; header_font_size_tablet=&quot;21px&quot; header_font_size_phone=&quot;20px&quot; header_font_size_last_edited=&quot;on|desktop&quot; border_width_all=&quot;0px&quot; global_colors_info=&quot;{}&quot; theme_builder_area=&quot;post_content&quot; sticky_enabled=&quot;0&quot;][\/et_pb_blog][\/et_pb_column][\/et_pb_row][\/et_pb_section][et_pb_section fb_built=&quot;1&quot; custom_padding=&quot;0||||false|false&quot; custom_padding_tablet=&quot;22px||22px||true|false&quot; custom_padding_phone=&quot;22px||22px||true|false&quot; custom_padding_last_edited=&quot;on|phone&quot; admin_label=&quot;Pied de page&quot; _builder_version=&quot;4.16&quot; _module_preset=&quot;01c6ffc7-f2ab-4daa-8c3f-f9f3f648fa91&quot; custom_width_px__hover=&quot;1080px&quot; custom_width_px__hover_enabled=&quot;1080px&quot; custom_width_percent__hover=&quot;80%&quot; custom_width_percent__hover_enabled=&quot;80%&quot; global_colors_info=&quot;{}&quot; gutter_width__hover=&quot;3&quot; gutter_width__hover_enabled=&quot;3&quot; parallax_1__hover=&quot;off&quot; parallax_1__hover_enabled=&quot;off&quot; parallax_2__hover=&quot;off&quot; parallax_2__hover_enabled=&quot;off&quot; parallax_3__hover=&quot;off&quot; parallax_3__hover_enabled=&quot;off&quot; parallax_method_1__hover=&quot;on&quot; parallax_method_1__hover_enabled=&quot;on&quot; parallax_method_2__hover=&quot;on&quot; parallax_method_2__hover=&quot;on&quot; parallax_method_3__hover=&quot;on&quot; parallax_method_3__hover_enabled=&quot;on&quot; use_background_color_gradient__hover=&quot;off&quot; use_background_color_gradient__hover_enabled=&quot;off&quot; background_color_gradient_start__hover=\u201d#2b87da\u201d background_color_gradient_start__hover_enabled=\u201d#2b87da\u201d background_color_gradient_end__hover=\u201d#29c4a9\u2033 background_color_gradient_end__hover_enabled=\u201d#29c4a9\u2033 background_color_gradient_type__hover=\u201dlinear\u201d background_color_gradient_type__hover_enabled=\u201dlinear\u201d background_color_gradient_direction__hover=\u201d180deg\u201d background_color_gradient_direction__hover_enabled=\u201d180deg\u201d background_color_gradient_direction_radial__hover=\u201dcenter\u201d background_color_gradient_direction_radial__hover_enabled=\u201dcenter\u201d background_color_gradient_start_position__hover=&quot;0%&quot; background_color_gradient_start_position__hover_enabled=&quot;0%&quot; background_color_gradient_end_position__hover=&quot;100%&quot; background_color_gradient_end_position__hover_enabled=&quot;100%&quot; background_color_gradient_overlays_image__hover=&quot;off&quot; background_color_gradient_overlays_image__hover_enabled=&quot;off&quot; parallax__hover=&quot;off&quot; parallax__hover_enabled=&quot;off&quot; parallax__hover=&quot;off&quot; parallax__hover_enabled=&quot;off&quot; parallax_method__hover=&quot;on&quot; parallax_method__hover=&quot;on&quot; background_size__hover=&quot;cover&quot; background_size__hover_enabled=&quot;cover&quot; background_position__hover=&quot;center&quot; background_position__hover_enabled=&quot;center&quot; background_repeat__hover=&quot;no-repeat&quot; background_repeat__hover_enabled=&quot;no-repeat&quot; background_blend__hover=&quot;normal&quot; background_blend__hover_enabled=&quot;normal&quot; allow_player_pause__hover=&quot;off&quot; allow_player_pause__hover_enabled=&quot;off&quot; background_video_pause_outside_viewport__hover=&quot;on&quot; background_video_pause_outside_viewport__hover_enabled=&quot;on&quot; inner_shadow__hover=&quot;off&quot; inner_shadow__hover_enabled=&quot;off&quot; make_fullwidth__hover=&quot;off&quot; make_fullwidth__hover_enabled=&quot;off&quot; use_custom_width__hover=&quot;off&quot; use_custom_width__hover_enabled=&quot;off&quot; width_unit__hover=&quot;on&quot; width_unit__hover_enabled=&quot;on&quot; make_equal__hover=&quot;off&quot; make_equal__hover_enabled=&quot;off&quot; use_custom_gutter__hover=&quot;off&quot; use_custom_gutter__hover_enabled=&quot;off&quot; border_radii__hover=&quot;on||||&quot; border_radii__hover_enabled=&quot;on||||&quot; box_shadow_style__hover=&quot;none&quot; box_shadow_style__hover_enabled=&quot;none&quot; box_shadow_color__hover=&quot;rgba(0,0,0,0.3)&quot; box_shadow_color__hover_enabled=&quot;rgba(0,0,0,0.3)&quot; max_width__hover=&quot;100%&quot; max_width__hover_enabled=&quot;100%&quot; filter_hue_rotate__hover=&quot;0deg&quot; filter_hue_rotate__hover_enabled=&quot;0deg&quot; filter_saturate__hover=&quot;100%&quot; filter_saturate__hover_enabled=&quot;100%&quot; filter_brightness__hover=&quot;100%&quot; filter_brightness__hover_enabled=&quot;100%&quot; filter_contrast__hover=&quot;100%&quot; filter_contrast__hover_enabled=&quot;100%&quot; filter_invert__hover=&quot;0%&quot; filter_invert__hover_enabled=&quot;0%&quot; filter_sepia__hover=&quot;0%&quot; filter_sepia__hover_enabled=&quot;0%&quot; filter_opacity__hover=&quot;100%&quot; filter_opacity__hover_enabled=&quot;100%&quot; filter_blur__hover=&quot;0px&quot; filter_blur__hover_enabled=&quot;0px&quot; mix_blend_mode__hover=&quot;normal&quot; mix_blend_mode__hover_enabled=&quot;normal&quot; animation_style__hover=&quot;none&quot; animation_style__hover_enabled=&quot;none&quot; animation_repeat__hover=&quot;once&quot; animation_repeat__hover_enabled=&quot;once&quot; animation_direction__hover=&quot;center&quot; animation_direction__hover_enabled=&quot;center&quot; animation_duration__hover=&quot;1000ms&quot; animation_duration__hover_enabled=&quot;1000ms&quot; animation_delay__hover=&quot;0ms&quot; animation_delay__hover_enabled=&quot;0ms&quot; animation_intensity_slide__hover=&quot;50%&quot; animation_intensity_slide__hover_enabled=&quot;50%&quot; animation_intensity_zoom__hover=&quot;50%&quot; animation_intensity_zoom__hover_enabled=&quot;50%&quot; animation_intensity_flip__hover=&quot;50%&quot; animation_intensity_flip__hover_enabled=&quot;50%&quot; animation_intensity_fold__hover=&quot;50%&quot; animation_intensity_fold__hover_enabled=&quot;50%&quot; animation_intensity_roll__hover=&quot;50%&quot; animation_intensity_roll__hover_enabled=&quot;50%&quot; animation_starting_opacity__hover=&quot;0%&quot; animation_starting_opacity__hover_enabled=&quot;0%&quot; animation_speed_curve__hover=&quot;ease-in-out&quot; animation_speed_curve__hover_enabled=&quot;ease-in-out&quot; hover_transition_duration__hover=&quot;300ms&quot; hover_transition_duration__hover_enabled=&quot;300ms&quot; hover_transition_delay__hover=&quot;0ms&quot; hover_transition_delay__hover_enabled=&quot;0ms&quot; hover_transition_speed_curve__hover=&quot;ease&quot; hover_transition_speed_curve__hover_enabled=&quot;ease&quot; background_color_gradient_stops__hover=&quot;#2b87da 0%|#29c4a9 100%&quot; theme_builder_area=&quot;post_content&quot;][et_pb_row use_custom_gutter=&quot;on&quot; gutter_width=&quot;1&quot; admin_label=&quot;Ligne d&#039;abonnement&quot; _builder_version=&quot;4.16&quot; _module_preset=&quot;default&quot; background_color=&quot;#0970C4&quot; max_width=&quot;1110px&quot; custom_padding=&quot;20px|30px|20px|30px|true|true&quot; use_custom_width=&quot;on&quot; custom_width_px=&quot;1110px&quot; custom_width_px__hover=&quot;1080px&quot; custom_width_px__hover_enabled=&quot;1080px&quot; custom_width_percent__hover=&quot;80%&quot; custom_width_percent__hover_enabled=&quot;80%&quot; locked=&quot;off&quot; global_colors_info=&quot;{}&quot; make_fullwidth__hover=&quot;off&quot; make_fullwidth__hover_enabled=&quot;off&quot; use_custom_width__hover=&quot;off&quot; use_custom_width__hover_enabled=&quot;off&quot; width_unit__hover=&quot;on&quot; width_unit__hover_enabled=&quot;on&quot; use_custom_gutter__hover=&quot;off&quot; use_custom_gutter__hover_enabled=&quot;off&quot; gutter_width__hover=&quot;3&quot; gutter_width__hover_enabled=&quot;3&quot; make_equal__hover=&quot;off&quot; make_equal__hover_enabled=&quot;off&quot; max_width__hover=&quot;1080px&quot; max_width__hover_enabled=&quot;1080px&quot; theme_builder_area=&quot;post_content&quot;][et_pb_column type=&quot;4_4&quot; admin_label=&quot;Colonne 0&quot; _builder_version=&quot;4.16&quot; _module_preset=&quot;default&quot; custom_padding=&quot;|||&quot; custom_padding_tablet=\u201d|||40px\u201d custom_padding_phone=\u201d|||80px\u201d custom_padding_last_edited=\u201doff|desktop\u201d global_colors_info=\u201d{}\u201d padding_phone=\u201d|||80px\u201d padding_tablet=\u201d|||40px\u201d padding_last_edited=\u201doff|desktop\u201d custom_padding__hover=\u201d|||\u201d theme_builder_area=\u201dpost_content\u201d][et_pb_signup provider=\u201dfluentcrm\u201d fluentcrm_list=\u201dSubscribers|tags_7\u2033 first_name_field=\u201doff\u201d last_name_field=\u201doff\u201d success_message=\u201dVous \u00eates abonn\u00e9 avec succ\u00e8s\u00a0!\u201d title=\u201dRenforcez votre foi gr\u00e2ce \u00e0 nos pr\u00e9cieuses publications. Abonnez-vous d\u00e8s maintenant et ne manquez aucune mise \u00e0 jour\u00a0!\u201d _builder_version=\u201d4.26.1\u2033 _module_preset=\u201ddefault\u201d form_field_text_color=\u201d#0970C4\u2033 header_level=\u201dh4\u2033 header_font=\u201d|700|||||||\u201d header_font_size=\u201d30px\u201d header_line_height=\u201d1.4em\u201d form_field_font=\u201d|700||on|||||\u201d taille_police_champ_formulaire=\u201d14px\u201d espacement_lettres_champ_formulaire=\u201d2px\u201d hauteur_ligne_champ_formulaire=\u201d1.4em\u201d utiliser_couleur_arri\u00e8re-plan=\u201dd\u00e9sactiv\u00e9\u201d bouton_personnalis\u00e9=\u201dactiv\u00e9\u201d taille_texte_bouton=\u201d15px\u201d couleur_texte_bouton=\u201d#FFFFFF\u201d couleur_arri\u00e8re-plan_bouton=\u201d#C35D09\u2033 largeur_bordure_bouton=\u201d10px\u201d couleur_bordure_bouton=\u201drgba(0,0,0,0)\u201d rayon_bordure_bouton=\u201d0px\u201d espacement_lettres_bouton=\u201d4px\u201d police_bouton=\u201d|700||activ\u00e9|||||\u201d ic\u00f4ne_bouton=&quot;l||divi||400&quot; alignement_module=&quot;centre&quot; activation_survol=&quot;0&quot; taille_police_en-t\u00eate_tablette=&quot;&quot; taille_police_en-t\u00eate_t\u00e9l\u00e9phone=&quot;22px&quot; taille_police_en-t\u00eate_derni\u00e8re_modification=&quot;on|t\u00e9l\u00e9phone&quot; taille_police_champ_formule_tablette=&quot;&quot; taille_police_champ_formule_t\u00e9l\u00e9phone=&quot;&quot; taille_police_champ_formule_derni\u00e8re_modification=&quot;on|ordinateur&quot; rayon_bordure_champs=&quot;on|0px|0px|0px|0px&quot; verrouill\u00e9=&quot;d\u00e9sactiv\u00e9&quot; info_couleurs_globales=&quot;{}&quot; niveau_en-t\u00eate__survol=&quot;h2&quot; activation_niveau_en-t\u00eate__survol=&quot;h2&quot; zone_constructeur_th\u00e8me=&quot;contenu_article&quot; sticky_enabled=&quot;0&quot;][\/et_pb_signup][\/et_pb_column][\/et_pb_row][\/et_pb_section]<\/p>","protected":false},"excerpt":{"rendered":"<p>Notre blog\u00a0: D\u00e9couvrez la v\u00e9rit\u00e9 biblique dans chaque article. Explorez nos derniers articles et approfondissez votre foi. Derniers articles<\/p>","protected":false},"author":2,"featured_media":30,"parent":0,"menu_order":0,"comment_status":"closed","ping_status":"closed","template":"","meta":{"_et_pb_use_builder":"on","_et_pb_old_content":"","_et_gb_content_width":"","_monsterinsights_skip_tracking":false,"_monsterinsights_sitenote_active":false,"_monsterinsights_sitenote_note":"","_monsterinsights_sitenote_category":0,"footnotes":""},"class_list":["post-48","page","type-page","status-publish","has-post-thumbnail","hentry"],"_links":{"self":[{"href":"https:\/\/cleefbible.com\/fr\/wp-json\/wp\/v2\/pages\/48","targetHints":{"allow":["GET"]}}],"collection":[{"href":"https:\/\/cleefbible.com\/fr\/wp-json\/wp\/v2\/pages"}],"about":[{"href":"https:\/\/cleefbible.com\/fr\/wp-json\/wp\/v2\/types\/page"}],"author":[{"embeddable":true,"href":"https:\/\/cleefbible.com\/fr\/wp-json\/wp\/v2\/users\/2"}],"replies":[{"embeddable":true,"href":"https:\/\/cleefbible.com\/fr\/wp-json\/wp\/v2\/comments?post=48"}],"version-history":[{"count":3,"href":"https:\/\/cleefbible.com\/fr\/wp-json\/wp\/v2\/pages\/48\/revisions"}],"predecessor-version":[{"id":52,"href":"https:\/\/cleefbible.com\/fr\/wp-json\/wp\/v2\/pages\/48\/revisions\/52"}],"wp:featuredmedia":[{"embeddable":true,"href":"https:\/\/cleefbible.com\/fr\/wp-json\/wp\/v2\/media\/30"}],"wp:attachment":[{"href":"https:\/\/cleefbible.com\/fr\/wp-json\/wp\/v2\/media?parent=48"}],"curies":[{"name":"wp","href":"https:\/\/api.w.org\/{rel}","templated":true}]}}