{"id":380,"date":"2024-11-08T11:53:57","date_gmt":"2024-11-08T14:53:57","guid":{"rendered":"https:\/\/cleefbible.com\/?page_id=380"},"modified":"2024-11-08T11:54:19","modified_gmt":"2024-11-08T14:54:19","slug":"politique-de-confidentialite","status":"publish","type":"page","link":"https:\/\/cleefbible.com\/fr\/politique-de-confidentialite\/","title":{"rendered":"politique de confidentialit\u00e9"},"content":{"rendered":"<p>[et_pb_section fb_built=&#8221;1&#8243; theme_builder_area=&#8221;post_content&#8221; _builder_version=&#8221;4.27.2&#8243; _module_preset=&#8221;default&#8221;][et_pb_row _builder_version=&#8221;4.27.2&#8243; _module_preset=&#8221;default&#8221; theme_builder_area=&#8221;post_content&#8221;][et_pb_column _builder_version=&#8221;4.27.2&#8243; _module_preset=&#8221;default&#8221; type=&#8221;4_4&#8243; theme_builder_area=&#8221;post_content&#8221;][et_pb_text _builder_version=&#8221;4.27.2&#8243; _module_preset=&#8221;default&#8221; theme_builder_area=&#8221;post_content&#8221; hover_enabled=&#8221;0&#8243; sticky_enabled=&#8221;0&#8243;]<\/p>\n<h1><b>politique de confidentialit\u00e9<\/b><\/h1>\n<p><span style=\"font-weight: 400;\">Chez CleefBible.com, exploit\u00e9 par Cleefcompany SpA, nous respectons votre vie priv\u00e9e et nous engageons \u00e0 prot\u00e9ger toutes les informations personnelles que nous pouvons collecter via notre site Web et d&#039;autres sites que nous poss\u00e9dons et exploitons.<\/span><\/p>\n<h2><b>1. Informations que nous collectons\u00a0\u00a0<\/b><\/h2>\n<p><span style=\"font-weight: 400;\">Nous ne demandons des informations personnelles que lorsqu&#039;elles sont r\u00e9ellement n\u00e9cessaires pour vous fournir nos services. Ces informations sont collect\u00e9es de mani\u00e8re juste et l\u00e9gale, toujours avec votre connaissance et votre consentement. Nous vous informerons \u00e0 tout moment de la raison de la collecte et de la mani\u00e8re dont les informations seront utilis\u00e9es.<\/span><\/p>\n<h2><b>2. Utilisation de vos informations\u00a0\u00a0<\/b><\/h2>\n<p><span style=\"font-weight: 400;\">Les informations collect\u00e9es sont utilis\u00e9es exclusivement pour vous fournir le contenu et les services de CleefBible.com et pour am\u00e9liorer votre exp\u00e9rience sur le site. Nous conservons vos informations uniquement le temps n\u00e9cessaire aux fins \u00e9nonc\u00e9es ci-dessus et nous prot\u00e9geons les donn\u00e9es stock\u00e9es de mani\u00e8re \u00e0 emp\u00eacher la perte, le vol, l&#039;acc\u00e8s non autoris\u00e9, la divulgation, la copie ou la modification.<\/span><\/p>\n<h2><b>3. Partage d&#039;informations et tiers\u00a0\u00a0<\/b><\/h2>\n<p><span style=\"font-weight: 400;\">Nous ne partageons pas d\u2019informations personnelles identifiables publiquement ou avec des tiers, sauf si la loi l\u2019exige. Nous agissons en tant que contr\u00f4leurs et sous-traitants de donn\u00e9es conform\u00e9ment aux lois sur la protection des donn\u00e9es, y compris le RGPD.<\/span><\/p>\n<h2><b>4. Liens vers des sites externes\u00a0\u00a0<\/b><\/h2>\n<p><span style=\"font-weight: 400;\">CleefBible.com peut inclure des liens vers des sites externes qui ne sont pas exploit\u00e9s par nous. Vous devez savoir que nous n\u2019avons aucun contr\u00f4le sur le contenu et les pratiques de confidentialit\u00e9 de ces sites, et nous n\u2019assumons aucune responsabilit\u00e9 \u00e0 leur \u00e9gard.<\/span><\/p>\n<h2><b>5. Vos options\u00a0\u00a0<\/b><\/h2>\n<p><span style=\"font-weight: 400;\">Vous \u00eates libre de refuser de fournir vos informations personnelles, sachant que nous pourrions ne pas \u00eatre en mesure d&#039;offrir certains services en cons\u00e9quence. Votre utilisation continue de notre site sera consid\u00e9r\u00e9e comme une acceptation de nos pratiques de confidentialit\u00e9.<\/span><\/p>\n<h2><b>6. Mise \u00e0 jour de la politique\u00a0\u00a0<\/b><\/h2>\n<p><span style=\"font-weight: 400;\">Nous pouvons mettre \u00e0 jour notre politique de confidentialit\u00e9 de temps \u00e0 autre. Il est conseill\u00e9 aux utilisateurs de consulter r\u00e9guli\u00e8rement cette page pour tout changement. La version actuelle de cette politique entre en vigueur le 8 novembre 2024.<\/span><\/p>\n<h2><b>7. Contact\u00a0\u00a0<\/b><\/h2>\n<p><span style=\"font-weight: 400;\">Si vous avez des questions sur la mani\u00e8re dont nous traitons les donn\u00e9es des utilisateurs et les informations personnelles, n&#039;h\u00e9sitez pas \u00e0 nous contacter \u00e0 notre <a href=\"https:\/\/cleefbible.com\/fr\/contact\/\">page de contact.<\/a><\/span><\/p>\n<p>[\/et_pb_text][\/et_pb_column][\/et_pb_row][\/et_pb_section]<\/p>","protected":false},"excerpt":{"rendered":"<p>Pol\u00edtica de Privacidad En CleefBible.com, operado por Cleefcompany SpA, respetamos tu privacidad y estamos comprometidos a proteger cualquier informaci\u00f3n personal que podamos recopilar a trav\u00e9s de nuestro sitio web y otros sitios de nuestra propiedad y operaci\u00f3n. 1. Informaci\u00f3n que Recopilamos\u00a0\u00a0 Solo solicitamos informaci\u00f3n personal cuando es realmente necesaria para ofrecerte nuestros servicios. Esta informaci\u00f3n [&hellip;]<\/p>","protected":false},"author":2,"featured_media":0,"parent":0,"menu_order":1,"comment_status":"closed","ping_status":"closed","template":"","meta":{"_et_pb_use_builder":"on","_et_pb_old_content":"","_et_gb_content_width":"","_monsterinsights_skip_tracking":false,"_monsterinsights_sitenote_active":false,"_monsterinsights_sitenote_note":"","_monsterinsights_sitenote_category":0,"footnotes":""},"class_list":["post-380","page","type-page","status-publish","hentry"],"_links":{"self":[{"href":"https:\/\/cleefbible.com\/fr\/wp-json\/wp\/v2\/pages\/380","targetHints":{"allow":["GET"]}}],"collection":[{"href":"https:\/\/cleefbible.com\/fr\/wp-json\/wp\/v2\/pages"}],"about":[{"href":"https:\/\/cleefbible.com\/fr\/wp-json\/wp\/v2\/types\/page"}],"author":[{"embeddable":true,"href":"https:\/\/cleefbible.com\/fr\/wp-json\/wp\/v2\/users\/2"}],"replies":[{"embeddable":true,"href":"https:\/\/cleefbible.com\/fr\/wp-json\/wp\/v2\/comments?post=380"}],"version-history":[{"count":3,"href":"https:\/\/cleefbible.com\/fr\/wp-json\/wp\/v2\/pages\/380\/revisions"}],"predecessor-version":[{"id":385,"href":"https:\/\/cleefbible.com\/fr\/wp-json\/wp\/v2\/pages\/380\/revisions\/385"}],"wp:attachment":[{"href":"https:\/\/cleefbible.com\/fr\/wp-json\/wp\/v2\/media?parent=380"}],"curies":[{"name":"wp","href":"https:\/\/api.w.org\/{rel}","templated":true}]}}