{"id":372,"date":"2024-11-08T11:50:20","date_gmt":"2024-11-08T14:50:20","guid":{"rendered":"https:\/\/cleefbible.com\/?page_id=372"},"modified":"2024-11-08T11:55:33","modified_gmt":"2024-11-08T14:55:33","slug":"termes-et-conditions","status":"publish","type":"page","link":"https:\/\/cleefbible.com\/fr\/termes-et-conditions\/","title":{"rendered":"T\u00e9rminos y Condiciones de Uso en CleefBible.com"},"content":{"rendered":"<p>[et_pb_section fb_built=&#8221;1&#8243; _builder_version=&#8221;4.27.2&#8243; _module_preset=&#8221;default&#8221; global_colors_info=&#8221;{}&#8221;][et_pb_row _builder_version=&#8221;4.27.2&#8243; _module_preset=&#8221;default&#8221; global_colors_info=&#8221;{}&#8221;][et_pb_column type=&#8221;4_4&#8243; _builder_version=&#8221;4.27.2&#8243; _module_preset=&#8221;default&#8221; global_colors_info=&#8221;{}&#8221;][et_pb_text _builder_version=&#8221;4.27.2&#8243; _module_preset=&#8221;default&#8221; global_colors_info=&#8221;{}&#8221;]<\/p>\n<h1><b>Termes et conditions<\/b><\/h1>\n<h2><b>1. Introduction\u00a0\u00a0<\/b><\/h2>\n<p><span style=\"font-weight: 400;\">En utilisant CleefBible.com, un site Web exploit\u00e9 par Cleefcompany SpA, vous confirmez votre acceptation de ces termes et conditions. Cleefcompany SpA est une entit\u00e9 l\u00e9galement enregistr\u00e9e au Chili.<\/span><\/p>\n<h2><b>2. Acceptation des conditions\u00a0\u00a0<\/b><\/h2>\n<p><span style=\"font-weight: 400;\">Cet accord entre en vigueur \u00e0 compter de la date \u00e0 laquelle vous utilisez pour la premi\u00e8re fois les services CleefBible.com.<\/span><\/p>\n<h2><b>3. Objet du site\u00a0\u00a0<\/b><\/h2>\n<p><span style=\"font-weight: 400;\">CleefBible.com est un site Web de contenu chr\u00e9tien, couvrant des sujets tels que la Bible, Dieu et J\u00e9sus. Tout le contenu est fourni \u00e0 des fins \u00e9ducatives et informatives uniquement et n&#039;est pas destin\u00e9 \u00e0 remplacer les conseils spirituels ou religieux d&#039;un chef ou d&#039;une institution religieuse.<\/span><\/p>\n<h2><b>4. Utilisation du contenu\u00a0\u00a0<\/b><\/h2>\n<p><span style=\"font-weight: 400;\">Les utilisateurs de CleefBible.com peuvent acc\u00e9der au contenu \u00e9ducatif et spirituel sur le site. Le contenu est destin\u00e9 \u00e0 un usage personnel et non commercial. La reproduction, la distribution ou la modification du contenu n&#039;est pas autoris\u00e9e sans l&#039;autorisation pr\u00e9alable de Cleefcompany SpA.<\/span><\/p>\n<h2><b>5. Clause de non-responsabilit\u00e9\u00a0\u00a0<\/b><\/h2>\n<p><span style=\"font-weight: 400;\">CleefBible.com est fourni \u00ab tel quel \u00bb. Cleefcompany SpA ne garantit pas que le site r\u00e9pondra \u00e0 vos attentes ou sera exempt d&#039;erreurs. Toutes les garanties implicites, y compris celles de qualit\u00e9 marchande, d\u2019ad\u00e9quation \u00e0 un usage particulier et de non-contrefa\u00e7on, sont exclues.<\/span><\/p>\n<h2><b>6. Limitation de responsabilit\u00e9\u00a0\u00a0<\/b><\/h2>\n<p><span style=\"font-weight: 400;\">Cleefcompany SpA n&#039;est pas responsable des dommages indirects, accessoires, sp\u00e9ciaux ou cons\u00e9cutifs, y compris la perte de donn\u00e9es ou d&#039;opportunit\u00e9s, r\u00e9sultant de l&#039;utilisation de CleefBible.com. La responsabilit\u00e9 maximale de Cleefcompany SpA est limit\u00e9e au montant pay\u00e9 (le cas \u00e9ch\u00e9ant) par l&#039;utilisateur pour acc\u00e9der aux services CleefBible.com.<\/span><\/p>\n<h2><b>7. Gestion des donn\u00e9es utilisateur\u00a0\u00a0<\/b><\/h2>\n<p><span style=\"font-weight: 400;\">Cleefcompany SpA se conforme aux lois sur la protection des donn\u00e9es, y compris le RGPD. Les donn\u00e9es des utilisateurs sont stock\u00e9es en toute s\u00e9curit\u00e9 et utilis\u00e9es uniquement pour am\u00e9liorer les services propos\u00e9s. Les utilisateurs peuvent demander la suppression de leurs donn\u00e9es \u00e0 tout moment en contactant notre <a href=\"https:\/\/cleefbible.com\/fr\/contact\/\">page de contact<\/a>.<\/span><\/p>\n<h2><b>8. Liens externes\u00a0\u00a0<\/b><\/h2>\n<p><span style=\"font-weight: 400;\">CleefBible.com peut contenir des liens vers des sites externes qui ne sont pas exploit\u00e9s par Cleefcompany SpA. Nous n&#039;avons aucun contr\u00f4le sur le contenu ou les pratiques de confidentialit\u00e9 de ces sites et n&#039;assumons aucune responsabilit\u00e9 \u00e0 leur \u00e9gard.<\/span><\/p>\n<h2><b>9. Modification des conditions g\u00e9n\u00e9rales\u00a0\u00a0<\/b><\/h2>\n<p><span style=\"font-weight: 400;\">Cleefcompany SpA se r\u00e9serve le droit de modifier ces termes et conditions \u00e0 tout moment. Les modifications entreront en vigueur d\u00e8s leur publication sur le site. Il est conseill\u00e9 aux utilisateurs de consulter r\u00e9guli\u00e8rement les conditions.<\/span><\/p>\n<h2><b>10. R\u00e9solution des litiges\u00a0\u00a0<\/b><\/h2>\n<p><span style=\"font-weight: 400;\">Tout litige d\u00e9coulant de l&#039;utilisation de CleefBible.com sera r\u00e9solu par arbitrage au Chili, conform\u00e9ment aux lois locales, garantissant un processus juste et efficace.<\/span><\/p>\n<h2><b>11. Conditions g\u00e9n\u00e9rales et droit applicable\u00a0\u00a0<\/b><\/h2>\n<p><span style=\"font-weight: 400;\">Cet accord est r\u00e9gi par les lois applicables au Chili. Aucune relation d&#039;agence, de partenariat ou de coentreprise n&#039;est cr\u00e9\u00e9e entre l&#039;utilisateur et Cleefcompany SpA par l&#039;utilisation de ce site.<\/span><\/p>\n<p><span style=\"font-weight: 400;\">Derni\u00e8re mise \u00e0 jour : 8 novembre 2024.<\/span><\/p>\n<p>[\/et_pb_text][\/et_pb_column][\/et_pb_row][\/et_pb_section]<\/p>","protected":false},"excerpt":{"rendered":"<p>Veuillez consulter les conditions g\u00e9n\u00e9rales de CleefBible.com. Informations cl\u00e9s sur l&#039;utilisation de notre site et de nos services chr\u00e9tiens.<\/p>","protected":false},"author":2,"featured_media":55,"parent":0,"menu_order":1,"comment_status":"closed","ping_status":"closed","template":"","meta":{"_et_pb_use_builder":"on","_et_pb_old_content":"","_et_gb_content_width":"","_monsterinsights_skip_tracking":false,"_monsterinsights_sitenote_active":false,"_monsterinsights_sitenote_note":"","_monsterinsights_sitenote_category":0,"footnotes":""},"class_list":["post-372","page","type-page","status-publish","has-post-thumbnail","hentry"],"_links":{"self":[{"href":"https:\/\/cleefbible.com\/fr\/wp-json\/wp\/v2\/pages\/372","targetHints":{"allow":["GET"]}}],"collection":[{"href":"https:\/\/cleefbible.com\/fr\/wp-json\/wp\/v2\/pages"}],"about":[{"href":"https:\/\/cleefbible.com\/fr\/wp-json\/wp\/v2\/types\/page"}],"author":[{"embeddable":true,"href":"https:\/\/cleefbible.com\/fr\/wp-json\/wp\/v2\/users\/2"}],"replies":[{"embeddable":true,"href":"https:\/\/cleefbible.com\/fr\/wp-json\/wp\/v2\/comments?post=372"}],"version-history":[{"count":5,"href":"https:\/\/cleefbible.com\/fr\/wp-json\/wp\/v2\/pages\/372\/revisions"}],"predecessor-version":[{"id":386,"href":"https:\/\/cleefbible.com\/fr\/wp-json\/wp\/v2\/pages\/372\/revisions\/386"}],"wp:featuredmedia":[{"embeddable":true,"href":"https:\/\/cleefbible.com\/fr\/wp-json\/wp\/v2\/media\/55"}],"wp:attachment":[{"href":"https:\/\/cleefbible.com\/fr\/wp-json\/wp\/v2\/media?parent=372"}],"curies":[{"name":"wp","href":"https:\/\/api.w.org\/{rel}","templated":true}]}}