{"id":1114,"date":"2025-04-18T11:43:33","date_gmt":"2025-04-18T15:43:33","guid":{"rendered":"https:\/\/cleefbible.com\/descargo-de-responsabilidad\/"},"modified":"2025-04-18T11:43:33","modified_gmt":"2025-04-18T15:43:33","slug":"clause-de-non-responsabilite","status":"publish","type":"page","link":"https:\/\/cleefbible.com\/fr\/clause-de-non-responsabilite\/","title":{"rendered":"Clause de non-responsabilit\u00e9"},"content":{"rendered":"<!-- Legal document generated by Complianz | GDPR\/CCPA Cookie Consent https:\/\/wordpress.org\/plugins\/complianz-gdpr -->\n<div id=\"cmplz-document\" class=\"cmplz-document disclaimer cmplz-document-all\"><p>Cleefcompany SpA s&#039;engage \u00e0 maintenir le site web \u00e0 jour. Si vous rencontrez un probl\u00e8me ou si des informations sont obsol\u00e8tes, nous ferons de notre mieux pour le r\u00e9soudre. Veuillez signaler sur le site web toute information incorrecte. Nous examinerons cela d\u00e8s que possible. Veuillez envoyer votre r\u00e9ponse par e-mail \u00e0\u00a0: <span class=\"cmplz-obfuscate\">info@<span class=\"cmplz-fmail-domain\">ex.com<\/span>&#099;&#108;&#101;e&#102;&#099;o&#109;&#112;&#097;n&#121;&#046;&#099;om<\/span>.<\/p><p>Nous ne sommes pas responsables des probl\u00e8mes r\u00e9sultant d&#039;impr\u00e9cisions ou d&#039;inexactitudes, ni des probl\u00e8mes r\u00e9sultant de probl\u00e8mes caus\u00e9s par ou inh\u00e9rents \u00e0 la diffusion d&#039;informations sur Internet, tels que des perturbations ou des interruptions. Lors de l&#039;utilisation de formulaires Web, nous nous effor\u00e7ons de limiter le nombre de champs obligatoires au minimum. Pour toute perte t\u00e9l\u00e9charg\u00e9e \u00e0 la suite de l&#039;utilisation de donn\u00e9es, de conseils ou d&#039;id\u00e9es fournis par ou au nom de Cleefcompany SpA via ce site web, Cleefcompany SpA n&#039;assume aucune responsabilit\u00e9.<\/p><p>L&#039;utilisation du site web et de tous ses composants (y compris les forums) est soumise aux conditions g\u00e9n\u00e9rales d&#039;utilisation. <a href=\"https:\/\/cleefbible.com\/fr\/termes-et-conditions\/\" target=\"_blank\">conditions d&#039;utilisation<\/a>. La simple utilisation de ce site web implique la connaissance et l&#039;acceptation des pr\u00e9sentes conditions d&#039;utilisation.<\/p><p>Les r\u00e9ponses et les demandes de coaching personnalis\u00e9 sont fournies par e-mail ou via un formulaire en ligne et trait\u00e9es de la m\u00eame mani\u00e8re que les courriers. Cela signifie que vous pouvez esp\u00e9rer une r\u00e9ponse de notre part dans un d\u00e9lai d&#039;un mois \u00e0 trois mois. En cas de demandes complexes, nous vous informerons avec un d\u00e9lai d&#039;un mois, ce d\u00e9lai pouvant aller jusqu&#039;\u00e0 trois mois.<\/p><p>Toutes les informations personnelles que vous nous communiquerez dans le cadre de votre r\u00e9ponse ou de votre demande de renseignements ne seront pas utilis\u00e9es conform\u00e9ment \u00e0 notre d\u00e9claration de confidentialit\u00e9.<\/p><p>Cleefcompany SpA met tout en \u0153uvre pour prot\u00e9ger ses syst\u00e8mes contre toute utilisation illicite. Cleefcompany SpA doit mettre en \u0153uvre les mesures techniques et organisationnelles appropri\u00e9es \u00e0 cette fin, en tenant compte, entre autres, de l&#039;\u00e9tat de l&#039;art. Toutefois, il ne saurait \u00eatre tenu pour responsable de quelque pr\u00e9judice que ce soit, direct et\/ou indirect, subi par un utilisateur du site web, r\u00e9sultant de l&#039;utilisation ill\u00e9gale de ses syst\u00e8mes par une tierce partie.<\/p><p>Cleefcompany SpA est enti\u00e8rement responsable du contenu des sites web qu&#039;elle h\u00e9berge ou vers lesquels un lien hypertexte ou une r\u00e9f\u00e9rence est \u00e9tabli. Les produits ou services propos\u00e9s par ces tiers sont soumis \u00e0 leurs propres conditions g\u00e9n\u00e9rales.<\/p><p>Tous les droits de propri\u00e9t\u00e9 intellectuelle sur le contenu de ce site web appartiennent \u00e0 Cleefcompany SpA.<\/p><p>La copie, la diffusion et toute autre utilisation de ces documents sont interdites sans l&#039;autorisation \u00e9crite de Cleefcompany SpA, sauf si et dans la mesure o\u00f9 le stipule une r\u00e9glementation imp\u00e9rative (telle que le droit de citer), sauf indication contraire du contenu.<\/p><p>Si vous avez des questions ou des probl\u00e8mes concernant l&#039;accessibilit\u00e9 du site, veuillez nous contacter.<\/p><\/div>","protected":false},"excerpt":{"rendered":"","protected":false},"author":2,"featured_media":0,"parent":0,"menu_order":20,"comment_status":"closed","ping_status":"closed","template":"","meta":{"_et_pb_use_builder":"","_et_pb_old_content":"","_et_gb_content_width":"","_monsterinsights_skip_tracking":false,"_monsterinsights_sitenote_active":false,"_monsterinsights_sitenote_note":"","_monsterinsights_sitenote_category":0,"footnotes":""},"class_list":["post-1114","page","type-page","status-publish","hentry"],"_links":{"self":[{"href":"https:\/\/cleefbible.com\/fr\/wp-json\/wp\/v2\/pages\/1114","targetHints":{"allow":["GET"]}}],"collection":[{"href":"https:\/\/cleefbible.com\/fr\/wp-json\/wp\/v2\/pages"}],"about":[{"href":"https:\/\/cleefbible.com\/fr\/wp-json\/wp\/v2\/types\/page"}],"author":[{"embeddable":true,"href":"https:\/\/cleefbible.com\/fr\/wp-json\/wp\/v2\/users\/2"}],"replies":[{"embeddable":true,"href":"https:\/\/cleefbible.com\/fr\/wp-json\/wp\/v2\/comments?post=1114"}],"version-history":[{"count":1,"href":"https:\/\/cleefbible.com\/fr\/wp-json\/wp\/v2\/pages\/1114\/revisions"}],"predecessor-version":[{"id":1115,"href":"https:\/\/cleefbible.com\/fr\/wp-json\/wp\/v2\/pages\/1114\/revisions\/1115"}],"wp:attachment":[{"href":"https:\/\/cleefbible.com\/fr\/wp-json\/wp\/v2\/media?parent=1114"}],"curies":[{"name":"wp","href":"https:\/\/api.w.org\/{rel}","templated":true}]}}