{"id":1112,"date":"2025-04-18T11:43:32","date_gmt":"2025-04-18T15:43:32","guid":{"rendered":"https:\/\/cleefbible.com\/aviso-legal-imprint\/"},"modified":"2025-04-18T11:43:33","modified_gmt":"2025-04-18T15:43:33","slug":"mentions-legales","status":"publish","type":"page","link":"https:\/\/cleefbible.com\/fr\/mentions-legales\/","title":{"rendered":"Mentions l\u00e9gales \/ Mentions l\u00e9gales"},"content":{"rendered":"<!-- Legal document generated by Complianz | GDPR\/CCPA Cookie Consent https:\/\/wordpress.org\/plugins\/complianz-gdpr -->\n<div id=\"cmplz-document\" class=\"cmplz-document impressum cmplz-document-all\"><p><i>Cette imprint a \u00e9t\u00e9 mise \u00e0 jour pour la derni\u00e8re fois le avril 18, 2025.<\/i><\/p><p class=\"cmplz-subtitle\">Le propri\u00e9taire de ce site Web est :<\/p><p>Cleefcompany SpA <br>Eulogia S\u00e1nchez 065, 7500895 Providencia, R\u00e9gion M\u00e9tropolitaine<br>Chili<br>E-mail:&nbsp;<span class=\"cmplz-obfuscate\">info@<span class=\"cmplz-fmail-domain\">ex.com<\/span>c&#108;&#101;e&#102;&#099;o&#109;pa&#110;&#121;.com<\/span><br>Num\u00e9ro de t\u00e9l\u00e9phone : +56 9 3611 7727<br><\/p><h2>1. G\u00e9n\u00e9ralit\u00e9s<\/h2><p>Nous ne sommes ni dispos\u00e9s ni oblig\u00e9s de participer aux proc\u00e9dures r\u00e9glementaires de litige devant une commission d&#039;arbitrage des consommateurs.<\/p><\/div>","protected":false},"excerpt":{"rendered":"","protected":false},"author":2,"featured_media":0,"parent":0,"menu_order":19,"comment_status":"closed","ping_status":"closed","template":"","meta":{"_et_pb_use_builder":"","_et_pb_old_content":"","_et_gb_content_width":"","_monsterinsights_skip_tracking":false,"_monsterinsights_sitenote_active":false,"_monsterinsights_sitenote_note":"","_monsterinsights_sitenote_category":0,"footnotes":""},"class_list":["post-1112","page","type-page","status-publish","hentry"],"_links":{"self":[{"href":"https:\/\/cleefbible.com\/fr\/wp-json\/wp\/v2\/pages\/1112","targetHints":{"allow":["GET"]}}],"collection":[{"href":"https:\/\/cleefbible.com\/fr\/wp-json\/wp\/v2\/pages"}],"about":[{"href":"https:\/\/cleefbible.com\/fr\/wp-json\/wp\/v2\/types\/page"}],"author":[{"embeddable":true,"href":"https:\/\/cleefbible.com\/fr\/wp-json\/wp\/v2\/users\/2"}],"replies":[{"embeddable":true,"href":"https:\/\/cleefbible.com\/fr\/wp-json\/wp\/v2\/comments?post=1112"}],"version-history":[{"count":1,"href":"https:\/\/cleefbible.com\/fr\/wp-json\/wp\/v2\/pages\/1112\/revisions"}],"predecessor-version":[{"id":1113,"href":"https:\/\/cleefbible.com\/fr\/wp-json\/wp\/v2\/pages\/1112\/revisions\/1113"}],"wp:attachment":[{"href":"https:\/\/cleefbible.com\/fr\/wp-json\/wp\/v2\/media?parent=1112"}],"curies":[{"name":"wp","href":"https:\/\/api.w.org\/{rel}","templated":true}]}}