{"id":1110,"date":"2025-04-18T11:43:31","date_gmt":"2025-04-18T15:43:31","guid":{"rendered":"https:\/\/cleefbible.com\/declaracion-de-privacidad-br\/"},"modified":"2025-04-18T11:43:32","modified_gmt":"2025-04-18T15:43:32","slug":"declaration-de-confidentialite-3","status":"publish","type":"page","link":"https:\/\/cleefbible.com\/fr\/declaration-de-confidentialite-3\/","title":{"rendered":"D\u00e9claration de confidentialit\u00e9 (BR)"},"content":{"rendered":"<!-- Legal document generated by Complianz | GDPR\/CCPA Cookie Consent https:\/\/wordpress.org\/plugins\/complianz-gdpr -->\n<div id=\"cmplz-document\" class=\"cmplz-document privacy-statement cmplz-document-br\"><p><i>Cette d\u00e9claration de confidentialit\u00e9 a \u00e9t\u00e9 mise \u00e0 jour le avril 18, 2025 et s\u2019applique aux citoyens et aux r\u00e9sidents permanents l\u00e9gaux du Br\u00e9sil.<\/i><br \/><br \/><\/p><p>Dans cette d\u00e9claration de confidentialit\u00e9, nous expliquons que les faits nous sont communiqu\u00e9s par nos sujets. <a href=\"https:\/\/cleefbible.com\/fr\">https:\/\/cleefbible.com\/fr<\/a>. Nos recommandations sont d\u2019\u00e9couter attentivement cette d\u00e9claration. Lors de notre traitement, nous nous conformons aux exigences de la l\u00e9gislation sur la confidentialit\u00e9. Cela signifie, entre autres, que\u00a0:<\/p><ul>\n                <li>Nous indiquons clairement dans quelles finalit\u00e9s nous traitons les donn\u00e9es personnelles. Nous faisons cela au moyen de cette d\u00e9claration de confidentialit\u00e9 ;<\/li>\n                <li>Nous visions \u00e0 limiter notre recueil de donn\u00e9es personnelles uniquement aux donn\u00e9es personnelles n\u00e9cessaires \u00e0 des finalit\u00e9s l\u00e9gitimes ;<\/li>\n                <li>Nous exigeons votre consentement explicite pour traiter votre personnel dans les cas qui requi\u00e8rent votre consentement ;<\/li>\n                <li>Nous prenons des mesures de s\u00e9curit\u00e9 appropri\u00e9es afin de prot\u00e9ger vos donn\u00e9es personnelles, et nous en exigeons autant des parties traitant des donn\u00e9es personnelles pour nous ;<\/li>\n                <li>Nous respectons votre droit de consulter, de corriger ou de supprimer vos informations personnelles si vous en faites la demande formellement.<\/li>\n            <\/ul><p>Si vous avez des questions ou si vous savez exactement ce qui se trouve dans notre entrep\u00f4t, veuillez nous contacter.<\/p><h2>1. Que se passe-t-il si vous ne nous fournissez pas vos informations personnelles ?<\/h2><p>Si vous ne fournissez pas de renseignements personnels, vous n&#039;aurez pas besoin de fournir les renseignements, les produits ou l&#039;assistance dont vous avez besoin.<\/p><h2>2. Se s\u00e9parer des autres parties<\/h2><p>Nous partageons ou divulguons ces donn\u00e9es aux sous-traitants uniquement dans les finalit\u00e9s suivantes :<\/p><p class=\"cmplz-subtitle\">Sous-traitants<\/p><p><b>Nom:<\/b>&nbsp;Google Analytics \u2013 Google LLC<br \/>\n             <b>Pays :<\/b>&nbsp;\u00c9tats-Unis<br \/>\n             <b>Final:<\/b>&nbsp;Analyse et suivi des performances du site web<br \/><b>Nom:<\/b>&nbsp;Google Tag Manager \u2013 Google LLC<br \/>\n             <b>Pays :<\/b>&nbsp;\u00c9tats-Unis<br \/>\n             <b>Final:<\/b>&nbsp;Gestion et suivi des balises sur le site web<br \/><\/p><h2>3. Cookies<\/h2><p>Notre site Web utilise des cookies. Pour plus d&#039;informations sur les cookies, vous vous r\u00e9f\u00e9rez \u00e0 notre <a href=\"https:\/\/cleefbible.com\/fr\/politique-relative-aux-cookies-br\/\">Politique relative aux cookies<\/a>.&nbsp;<\/p><h2>4. Pratiques de diffusion<\/h2><p><p>Nous divulguons des informations personnelles si nous y sommes tenus par la loi ou par une ordonnance du tribunal, en r\u00e9ponse \u00e0 un organisme d&#039;application de la loi, dans la mesure permise par d&#039;autres dispositions de la loi, pour fournir des informations, ou pour une enqu\u00eate sur une question li\u00e9e \u00e0 la s\u00e9curit\u00e9 P\u00fablica.<\/p><p>Si notre site web ou notre organisation est repris, vendu ou inclus dans une fusion ou une acquisition, vous ne pouvez pas le divulguer \u00e0 nos conseillers et \u00e0 tous nos utilisateurs potentiels et il sera transmis \u00e0 nos nouveaux propri\u00e9taires.<\/p><\/p><p>Nous avons conclu un accord avec Google concernant le traitement des cadeaux.<\/p><h2>5. S\u00e9curit\u00e9<\/h2><p>Nous nous engageons pour assurer la s\u00e9curit\u00e9 du personnel. Nous prenons des mesures de s\u00e9curit\u00e9 appropri\u00e9es pour limiter les abus et les acc\u00e8s non autoris\u00e9s aux donn\u00e9es personnelles. Nous veillons ainsi \u00e0 ce que seules les personnes n\u00e9cessaires doivent avoir acc\u00e8s \u00e0 vos donn\u00e9es, \u00e0 ce que l&#039;acc\u00e8s aux donn\u00e9es soit prot\u00e9g\u00e9 et \u00e0 ce que nos mesures de s\u00e9curit\u00e9 soient r\u00e9guli\u00e8rement v\u00e9rifi\u00e9es.<\/p><h2>6. Sites Web tiers<\/h2><p>Cette d\u00e9claration de confidentialit\u00e9 ne s&#039;applique pas aux sites Internet de tiers connect\u00e9s \u00e0 nos sites Internet. Nous ne pouvons garantir que ces tierces parties m\u00e8rent vos donn\u00e9es personnelles de mani\u00e8re fiable ou s\u00e9curis\u00e9e. Nos recommandations sont de lire les d\u00e9clarations de confidentialit\u00e9 de ces sites web avant de les utiliser.<\/p><h2>7. Modifications apport\u00e9es \u00e0 la pr\u00e9sente d\u00e9claration de confidentialit\u00e9<\/h2><p>Nous nous r\u00e9servons le droit de modifier la pr\u00e9sente d\u00e9claration de confidentialit\u00e9. Il est recommand\u00e9 de la consulter r\u00e9guli\u00e8rement afin de prendre connaissance de toute modification. Nous vous tiendrons inform\u00e9s dans la mesure du possible.<\/p><h2>8. Acc\u00e9dez \u00e0 vos donn\u00e9es et modificateurs<\/h2><p>Si vous avez des questions ou si vous souhaitez savoir quel personnel est \u00e0 votre disposition, veuillez consulter nos coordonn\u00e9es. Vous pouvez nous contacter pour obtenir les informations n\u00e9cessaires. Vos droits en mati\u00e8re de personnel\u00a0:<\/p><ul>\n                <li>confirmation de l&#039;existence du traitement ;<\/li>\n                <li>acc\u00e8s aux donn\u00e9es ;<\/li>\n                <li>correction des donn\u00e9es incompl\u00e8tes, inexactes ou perdues ;<\/li>\n                <li>anonymisation, blocage ou suppression de dons inutiles, excessifs ou trait\u00e9s en d\u00e9saccord avec les dispositions de la Loi G\u00e9n\u00e9rale sur la Protection des Donn\u00e9es Personnelles (LGPD) ;<\/li>\n                <li>portabilit\u00e9 des donn\u00e9es vers un autre fournisseur de services ou de produits, sur demande expresse, conform\u00e9ment \u00e0 la r\u00e9glementation de l&#039;autorit\u00e9 nationale, dans le respect des secrets commerciaux et industriels ;<\/li>\n                <li>effacement des donn\u00e9es personnelles trait\u00e9es avec le consentement du titulaire, sauf dans les cas pr\u00e9vus par l&#039;art. 16 de la Loi G\u00e9n\u00e9rale pour la Protection des Donn\u00e9es Personnelles (LGPD) ;<\/li>\n                <li>informations sur les entit\u00e9s publiques et priv\u00e9es charg\u00e9es du traitement d\u2019une partie des dons\u00a0;<\/li>\n                <li>informations sur la possibilit\u00e9 de ne pas donner son consentement et sur les cons\u00e9quences d&#039;un refus.<\/li>\n            <\/ul><p>Pour exercer ces droits, veuillez nous contacter. View your reporter aux coordonn\u00e9es figurant au bas de la pr\u00e9sente d\u00e9claration de confidentialit\u00e9.<\/p>\n            <p>Assurez-vous de toujours indiquer clairement qui vous \u00eates, afin que nous puissions \u00eatre certains de ne pas modifier ni supprimer les donn\u00e9es de la mauvaise personne.<\/p><h2>9. D\u00e9poser une plainte<\/h2><p>Si vous n\u2019\u00eates pas satisfait de la mani\u00e8re dont notre traitement est effectu\u00e9 (concernant une plainte) par le traitement de votre personnel, vous avez \u00e9galement le droit de d\u00e9poser une plainte aupr\u00e8s de l\u2019Autorit\u00e9 nationale pour la protection des dons (ANPD) :<\/p><p><br \/>Autorit\u00e9 nationale de protection des donn\u00e9es\n\t\t\t\t\t\t<br \/>\n\t\t\t\t\t\t<br \/>Esplanada dos Minist\u00e9rios,\n\t\t\t\t\t\t<br \/>Bloc C,\n\t\t\t\t\t\t<br \/>2\u00e8me promenade,\n\t\t\t\t\t\t<br \/>CEP 70297-400 \u2013 Brasilia \u2013 DF.\n\t\t\t\t\t\t<br \/><a href=\"https:\/\/www.gov.br\/anpd\/pt-br\/canais_atendimento\/\" target=\"_blank\" rel=\"noopener\">Site web<\/a><\/p><h2>10. Enfants<\/h2><p>Notre site web n&#039;est pas con\u00e7u pour les enfants et il n&#039;est pas dans notre intention de recueillir des donn\u00e9es personnelles aupr\u00e8s d&#039;enfants sous l&#039;\u00e2ge de consentement de leur pays de r\u00e9sidence. Nos demandes sont formul\u00e9es par des enfants afin que nous ayons le consentement pour les envoyer \u00e0 notre personnel.<\/p><h2>11. Coordonn\u00e9es<\/h2><p>Cleefcompany SpA<br \/>\n        Eulogia S\u00e1nchez 065, 7500895 Providencia, R\u00e9gion M\u00e9tropolitaine<br \/>\n        Chili<br \/>\n        Site web: <a href=\"https:\/\/cleefbible.com\/fr\">https:\/\/cleefbible.com\/fr<\/a> <br \/>\n        E-mail: <span class=\"cmplz-obfuscate\">info@<span class=\"cmplz-fmail-domain\">ex.com<\/span>&#099;l&#101;&#101;&#102;c&#111;mp&#097;ny.c&#111;&#109;<\/span> <br \/>\n        Num\u00e9ro de t\u00e9l\u00e9phone : +56 9 3611 7727<\/p><\/div>","protected":false},"excerpt":{"rendered":"","protected":false},"author":2,"featured_media":0,"parent":0,"menu_order":18,"comment_status":"closed","ping_status":"closed","template":"","meta":{"_et_pb_use_builder":"","_et_pb_old_content":"","_et_gb_content_width":"","_monsterinsights_skip_tracking":false,"_monsterinsights_sitenote_active":false,"_monsterinsights_sitenote_note":"","_monsterinsights_sitenote_category":0,"footnotes":""},"class_list":["post-1110","page","type-page","status-publish","hentry"],"_links":{"self":[{"href":"https:\/\/cleefbible.com\/fr\/wp-json\/wp\/v2\/pages\/1110","targetHints":{"allow":["GET"]}}],"collection":[{"href":"https:\/\/cleefbible.com\/fr\/wp-json\/wp\/v2\/pages"}],"about":[{"href":"https:\/\/cleefbible.com\/fr\/wp-json\/wp\/v2\/types\/page"}],"author":[{"embeddable":true,"href":"https:\/\/cleefbible.com\/fr\/wp-json\/wp\/v2\/users\/2"}],"replies":[{"embeddable":true,"href":"https:\/\/cleefbible.com\/fr\/wp-json\/wp\/v2\/comments?post=1110"}],"version-history":[{"count":1,"href":"https:\/\/cleefbible.com\/fr\/wp-json\/wp\/v2\/pages\/1110\/revisions"}],"predecessor-version":[{"id":1111,"href":"https:\/\/cleefbible.com\/fr\/wp-json\/wp\/v2\/pages\/1110\/revisions\/1111"}],"wp:attachment":[{"href":"https:\/\/cleefbible.com\/fr\/wp-json\/wp\/v2\/media?parent=1110"}],"curies":[{"name":"wp","href":"https:\/\/api.w.org\/{rel}","templated":true}]}}