{"id":1102,"date":"2025-04-18T11:43:27","date_gmt":"2025-04-18T15:43:27","guid":{"rendered":"https:\/\/cleefbible.com\/declaracion-de-privacidad-au\/"},"modified":"2025-04-18T11:43:28","modified_gmt":"2025-04-18T15:43:28","slug":"declaration-de-confidentialite","status":"publish","type":"page","link":"https:\/\/cleefbible.com\/fr\/declaration-de-confidentialite\/","title":{"rendered":"D\u00e9claration de confidentialit\u00e9 (AU)"},"content":{"rendered":"<!-- Legal document generated by Complianz | GDPR\/CCPA Cookie Consent https:\/\/wordpress.org\/plugins\/complianz-gdpr -->\n<div id=\"cmplz-document\" class=\"cmplz-document privacy-statement cmplz-document-au\"><p><i>This privacy statement was last changed on avril 18, 2025, last checked on avril 18, 2025, and applies to citizens of Australia.<\/i><br \/><br \/><\/p><p>Dans cette d\u00e9claration de confidentialit\u00e9, nous expliquons ce que nous faisons des donn\u00e9es que nous obtenons \u00e0 votre sujet via <a href=\"https:\/\/cleefbible.com\/fr\">https:\/\/cleefbible.com\/fr<\/a>Nous vous recommandons de lire attentivement cette d\u00e9claration. Le traitement de vos donn\u00e9es est conforme \u00e0 la l\u00e9gislation en vigueur sur la protection des donn\u00e9es. Cela signifie notamment que\u00a0:<ul>\n                <li>Nous indiquons clairement les finalit\u00e9s pour lesquelles nous traitons les donn\u00e9es personnelles. Nous le faisons au moyen de la pr\u00e9sente d\u00e9claration de confidentialit\u00e9\u00a0;<\/li>\n                <li>Notre objectif est de limiter la collecte de donn\u00e9es personnelles aux seules donn\u00e9es personnelles n\u00e9cessaires \u00e0 des fins l\u00e9gitimes\u00a0;<\/li>\n                <li>Nous vous demandons d&#039;abord votre consentement explicite pour traiter vos donn\u00e9es personnelles dans les cas o\u00f9 votre consentement est requis\u00a0;<\/li>\n                <li>Nous prenons les mesures de s\u00e9curit\u00e9 appropri\u00e9es pour prot\u00e9ger vos donn\u00e9es personnelles et exigeons \u00e9galement cela des parties qui traitent des donn\u00e9es personnelles pour notre compte\u00a0;<\/li>\n                <li>Nous respectons votre droit d&#039;acc\u00e9der \u00e0 vos donn\u00e9es personnelles, de les faire rectifier ou supprimer, sur votre demande.<\/li>\n            <\/ul><\/p>Si vous avez des questions ou souhaitez savoir exactement quelles donn\u00e9es nous conservons vous concernant, veuillez nous contacter.<h2>1. Partage avec d&#039;autres parties<\/h2><p>Nous ne partageons ou ne divulguons ces donn\u00e9es \u00e0 d&#039;autres destinataires que pour les finalit\u00e9s suivantes\u00a0:<\/p><p><b>Objectif du transfert de donn\u00e9es\u00a0:<\/b>&nbsp;Analyse et suivi des performances du site web<br \/>\n             <b>Pays ou \u00c9tat dans lequel se trouve ce processeur\u00a0:<\/b>&nbsp;\u00c9tats-Unis<br \/><b>Objectif du transfert de donn\u00e9es\u00a0:<\/b>&nbsp;Gestion et suivi des balises sur le site web<br \/>\n             <b>Pays ou \u00c9tat dans lequel se trouve ce processeur\u00a0:<\/b>&nbsp;\u00c9tats-Unis<br \/><\/p><h2>2. Pratiques de divulgation<\/h2><p><p>Nous divulguons des renseignements personnels si la loi ou une ordonnance judiciaire nous y oblige, en r\u00e9ponse \u00e0 une demande d&#039;un organisme d&#039;application de la loi, dans la mesure permise par d&#039;autres dispositions l\u00e9gales, pour fournir des renseignements ou dans le cadre d&#039;une enqu\u00eate sur une question li\u00e9e \u00e0 la s\u00e9curit\u00e9 publique.<\/p><p>Si notre site web ou notre organisation est rachet\u00e9, vendu ou impliqu\u00e9 dans une fusion ou une acquisition, vos informations pourront \u00eatre divulgu\u00e9es \u00e0 nos conseillers et \u00e0 tout acheteur potentiel et seront transmises aux nouveaux propri\u00e9taires.<\/p><\/p><h2>3. Que se passe-t-il si vous ne nous fournissez pas vos informations personnelles\u00a0?<\/h2><p>Si vous ne nous fournissez pas vos renseignements personnels, nous pourrions ne pas \u00eatre en mesure de vous fournir les renseignements, les produits ou l\u2019assistance que vous recherchez.<\/p><h2>4. Comment nous r\u00e9pondons aux signaux \u00ab\u00a0Ne pas suivre\u00a0\u00bb et au contr\u00f4le global de la confidentialit\u00e9 <\/h2><p>Notre site web prend en charge l&#039;option \u00ab\u00a0Ne pas me suivre\u00a0\u00bb (DNT). Si vous activez cette option dans votre navigateur, vos pr\u00e9f\u00e9rences nous sont communiqu\u00e9es via l&#039;en-t\u00eate de requ\u00eate HTTP et nous ne suivrons pas votre navigation.<\/p><h2>5. Cookies<\/h2><p>Notre site web utilise des cookies. Pour plus d&#039;informations sur les cookies, veuillez consulter notre Politique relative aux cookies sur notre site web. <a href=\"https:\/\/cleefbible.com\/fr\/politique-en-matiere-de-cookies-au\/\">Politique relative aux cookies (Australie)<\/a> page web.&nbsp;<\/p><p>Nous avons conclu un accord de traitement des donn\u00e9es avec Google.<\/p><h2>6. S\u00e9curit\u00e9<\/h2><p>Nous nous engageons \u00e0 assurer la s\u00e9curit\u00e9 de vos donn\u00e9es personnelles. Nous prenons les mesures de s\u00e9curit\u00e9 appropri\u00e9es pour limiter les abus et les acc\u00e8s non autoris\u00e9s \u00e0 vos donn\u00e9es. Ainsi, seules les personnes autoris\u00e9es y ont acc\u00e8s, cet acc\u00e8s est prot\u00e9g\u00e9 et nos mesures de s\u00e9curit\u00e9 sont r\u00e9guli\u00e8rement mises \u00e0 jour.<\/p><h2>7. Sites Web tiers<\/h2><p>La pr\u00e9sente d\u00e9claration de confidentialit\u00e9 ne s&#039;applique pas aux sites web tiers accessibles via des liens pr\u00e9sents sur notre site. Nous ne pouvons garantir que ces tiers traitent vos donn\u00e9es personnelles de mani\u00e8re fiable et s\u00e9curis\u00e9e. Nous vous recommandons de consulter les d\u00e9clarations de confidentialit\u00e9 de ces sites web avant de les utiliser.<\/p><h2>8. Modifications de la pr\u00e9sente d\u00e9claration de confidentialit\u00e9<\/h2><p>Nous nous r\u00e9servons le droit de modifier la pr\u00e9sente d\u00e9claration de confidentialit\u00e9. Nous vous recommandons de la consulter r\u00e9guli\u00e8rement afin de prendre connaissance de toute modification. De plus, nous vous informerons activement dans la mesure du possible.<\/p><h2>9. Acc\u00e8s et modification de vos donn\u00e9es<\/h2><p>Pour toute question ou pour conna\u00eetre les donn\u00e9es personnelles que nous d\u00e9tenons vous concernant, veuillez nous contacter. Merci de toujours indiquer clairement votre identit\u00e9 afin que nous puissions \u00e9viter toute modification ou suppression de donn\u00e9es vous concernant. Nous fournirons les informations demand\u00e9es uniquement sur r\u00e9ception d&#039;une demande v\u00e9rifiable de la part d&#039;un consommateur. Vous pouvez nous contacter en utilisant les informations ci-dessous. Vous disposez des droits suivants\u00a0:<\/p><p class=\"cmplz-subtitle\">9.1 Vous disposez des droits suivants concernant vos donn\u00e9es personnelles<\/p><ol class=\"alphabetic\">\n                        <li>Vous pouvez soumettre une demande d&#039;acc\u00e8s aux donn\u00e9es que nous traitons vous concernant.<\/li>\n                        <li>Vous pouvez demander un aper\u00e7u, dans un format couramment utilis\u00e9, des donn\u00e9es que nous traitons vous concernant.<\/li>\n                        <li>Vous pouvez demander la rectification ou la suppression des donn\u00e9es si elles sont inexactes ou non pertinentes \u00e0 quelque fin que ce soit en vertu de la Loi sur la protection des renseignements personnels.<\/li>\n                      <\/ol>\n                      <h2>10. Enfants<\/h2><p>Notre site web n&#039;est pas destin\u00e9 aux enfants et nous ne collectons pas de donn\u00e9es personnelles aupr\u00e8s des mineurs n&#039;ayant pas atteint l&#039;\u00e2ge de la majorit\u00e9 dans leur pays de r\u00e9sidence. Par cons\u00e9quent, nous demandons aux mineurs de ne pas nous communiquer de donn\u00e9es personnelles.<\/p><h2>11. Coordonn\u00e9es<\/h2><p>Cleefcompany SpA<br \/>\n        Eulogia S\u00e1nchez 065, 7500895 Providencia, R\u00e9gion M\u00e9tropolitaine<br \/>\n        Chili<br \/>\n        Site web: <a href=\"https:\/\/cleefbible.com\/fr\">https:\/\/cleefbible.com\/fr<\/a> <br \/>\n        E-mail: <span class=\"cmplz-obfuscate\">info@<span class=\"cmplz-fmail-domain\">ex.com<\/span>cl&#101;&#101;f&#099;o&#109;&#112;an&#121;.&#099;om<\/span> <br \/>\n        <br \/>\n        Num\u00e9ro de t\u00e9l\u00e9phone : +56 9 3611 7727<\/p><p>Nous avons d\u00e9sign\u00e9 une personne de contact pour les politiques et pratiques de l&#039;organisation, \u00e0 qui les plaintes ou les demandes de renseignements peuvent \u00eatre adress\u00e9es\u00a0:<br \/>Service d&#039;assistance de Cleefcompany<br \/>Eulogia S\u00e1nchez 065, 7500895 Providencia, R\u00e9gion M\u00e9tropolitaine<\/p><\/div>","protected":false},"excerpt":{"rendered":"","protected":false},"author":2,"featured_media":0,"parent":0,"menu_order":14,"comment_status":"closed","ping_status":"closed","template":"","meta":{"_et_pb_use_builder":"","_et_pb_old_content":"","_et_gb_content_width":"","_monsterinsights_skip_tracking":false,"_monsterinsights_sitenote_active":false,"_monsterinsights_sitenote_note":"","_monsterinsights_sitenote_category":0,"footnotes":""},"class_list":["post-1102","page","type-page","status-publish","hentry"],"_links":{"self":[{"href":"https:\/\/cleefbible.com\/fr\/wp-json\/wp\/v2\/pages\/1102","targetHints":{"allow":["GET"]}}],"collection":[{"href":"https:\/\/cleefbible.com\/fr\/wp-json\/wp\/v2\/pages"}],"about":[{"href":"https:\/\/cleefbible.com\/fr\/wp-json\/wp\/v2\/types\/page"}],"author":[{"embeddable":true,"href":"https:\/\/cleefbible.com\/fr\/wp-json\/wp\/v2\/users\/2"}],"replies":[{"embeddable":true,"href":"https:\/\/cleefbible.com\/fr\/wp-json\/wp\/v2\/comments?post=1102"}],"version-history":[{"count":1,"href":"https:\/\/cleefbible.com\/fr\/wp-json\/wp\/v2\/pages\/1102\/revisions"}],"predecessor-version":[{"id":1103,"href":"https:\/\/cleefbible.com\/fr\/wp-json\/wp\/v2\/pages\/1102\/revisions\/1103"}],"wp:attachment":[{"href":"https:\/\/cleefbible.com\/fr\/wp-json\/wp\/v2\/media?parent=1102"}],"curies":[{"name":"wp","href":"https:\/\/api.w.org\/{rel}","templated":true}]}}