{"id":1098,"date":"2025-04-18T11:43:26","date_gmt":"2025-04-18T15:43:26","guid":{"rendered":"https:\/\/cleefbible.com\/declaracion-de-privacidad-ca\/"},"modified":"2025-04-18T11:43:26","modified_gmt":"2025-04-18T15:43:26","slug":"declaration-de-confidentialite-2","status":"publish","type":"page","link":"https:\/\/cleefbible.com\/fr\/declaration-de-confidentialite-2\/","title":{"rendered":"D\u00e9claration de confidentialit\u00e9 (PS)"},"content":{"rendered":"<!-- Legal document generated by Complianz | GDPR\/CCPA Cookie Consent https:\/\/wordpress.org\/plugins\/complianz-gdpr -->\n<div id=\"cmplz-document\" class=\"cmplz-document privacy-statement cmplz-document-ca\"><p><i>Cette d\u00e9claration de confidentialit\u00e9 a \u00e9t\u00e9 modifi\u00e9e pour la derni\u00e8re fois le avril 18, 2025, v\u00e9rifi\u00e9e pour la derni\u00e8re fois le avril 18, 2025, et s\u2019applique aux citoyens et aux r\u00e9sidents permanents l\u00e9gaux du Canada.<\/i><br \/><br \/><\/p><p>Dans cette d\u00e9claration de confidentialit\u00e9, nous expliquons que les faits nous sont communiqu\u00e9s par nos sujets. <a href=\"https:\/\/cleefbible.com\/fr\">https:\/\/cleefbible.com\/fr<\/a>. Nos recommandations sont d\u2019\u00e9couter attentivement cette d\u00e9claration. Lors de notre traitement, nous nous conformons aux exigences de la l\u00e9gislation sur la confidentialit\u00e9. Cela signifie, entre autres, que\u00a0:<ul>\n                <li>Nous indiquons clairement dans quelles finalit\u00e9s nous traitons les donn\u00e9es personnelles. Nous faisons cela au moyen de cette d\u00e9claration de confidentialit\u00e9 ;<\/li>\n                <li>Nous visions \u00e0 limiter notre recueil de donn\u00e9es personnelles uniquement aux donn\u00e9es personnelles n\u00e9cessaires \u00e0 des finalit\u00e9s l\u00e9gitimes ;<\/li>\n                <li>Nous exigeons votre consentement explicite pour traiter votre personnel dans les cas qui requi\u00e8rent votre consentement ;<\/li>\n                <li>Nous prenons des mesures de s\u00e9curit\u00e9 appropri\u00e9es afin de prot\u00e9ger vos donn\u00e9es personnelles, et nous en exigeons autant des parties traitant des donn\u00e9es personnelles pour nous ;<\/li>\n                <li>Nous respectons votre droit de consulter, de corriger ou de supprimer vos informations personnelles si vous en faites la demande formellement.<\/li>\n            <\/ul><\/p>Si vous avez des questions ou si vous savez exactement ce qui se trouve dans notre entrep\u00f4t, veuillez nous contacter.<h2>1. Partage avec d&#039;autres parties<\/h2><p>Nous ne partageons ou divulguons ces donn\u00e9es \u00e0 d&#039;autres destinataires que dans les finalit\u00e9s suivantes :<\/p><p><b>Caract\u00e8re d\u00e9finitif du transfert des donations :<\/b>&nbsp;Analyse et suivi des performances du site web<br \/>\n             <b>Pays ou \u00e9tat dans lequel ce prestataire de services est situ\u00e9 :<\/b>&nbsp;\u00c9tats-Unis<br \/><b>Caract\u00e8re d\u00e9finitif du transfert des donations :<\/b>&nbsp;Gestion et suivi des balises sur le site web<br \/>\n             <b>Pays ou \u00e9tat dans lequel ce prestataire de services est situ\u00e9 :<\/b>&nbsp;\u00c9tats-Unis<br \/><\/p><h2>2. Pratiques de diffusion<\/h2><p><p>Nous divulguons des informations personnelles si nous y sommes tenus par la loi ou par une ordonnance du tribunal, en r\u00e9ponse \u00e0 un organisme d&#039;application de la loi, dans la mesure permise par d&#039;autres dispositions de la loi, pour fournir des informations, ou pour une enqu\u00eate sur une question li\u00e9e \u00e0 la s\u00e9curit\u00e9 P\u00fablica.<\/p><p>Si notre site web ou notre organisation est repris, vendu ou inclus dans une fusion ou une acquisition, vous ne pouvez pas le divulguer \u00e0 nos conseillers et \u00e0 tous nos utilisateurs potentiels et il sera transmis \u00e0 nos nouveaux propri\u00e9taires.<\/p><\/p><h2>3. Comment nous r\u00e9pondons aux signes Ne pas me pister &amp; Control global de confidentialit\u00e9<\/h2><p>Notre site web r\u00e9agit \u00e0 l&#039;en-t\u00eate de requ\u00eate HTTP Ne pas me tracker (DNT) et le prend en charge. Si vous activez DNT dans votre navigation, ces pr\u00e9f\u00e9rences ne sont pas communiqu\u00e9es dans le contexte des exigences HTTP, et aucun indice ne permet d&#039;interpr\u00e9ter votre comportement de navigation.<\/p><h2>4. Cookies<\/h2><p>Notre site Web utilise des cookies. Pour plus d&#039;informations sur les cookies, vous vous r\u00e9f\u00e9rez \u00e0 notre Politique de cookies sur notre page <a href=\"https:\/\/cleefbible.com\/fr\/politique-en-matiere-de-cookies\/\">Politique relative aux cookies (CA)<\/a>.&nbsp;<\/p><p>Nous avons conclu un accord avec Google concernant le traitement des cadeaux.<\/p><h2>5. S\u00e9curit\u00e9<\/h2><p>Nous nous engageons \u00e0 la s\u00e9curit\u00e9 des donn\u00e9es personnelles. Nous prenons les mesures de s\u00e9curit\u00e9 appropri\u00e9es pour limiter les abus et l&#039;acc\u00e8s non autoris\u00e9 aux donn\u00e9es personnelles. Cela garantit que les personnes n\u00e9cessaires ont acc\u00e8s \u00e0 vos cadeaux, que l&#039;acc\u00e8s \u00e0 vos cadeaux est prot\u00e9g\u00e9 et que nos mesures de s\u00e9curit\u00e9 sont r\u00e9guli\u00e8rement revues.<\/p><h2>6. Sites web de partis Tierces<\/h2><p>Cette d\u00e9claration de confidentialit\u00e9 ne s&#039;applique pas aux sites Internet de tiers connect\u00e9s \u00e0 nos sites Internet. Nous ne pouvons garantir que ces tierces parties m\u00e8rent vos donn\u00e9es personnelles de mani\u00e8re fiable ou s\u00e9curis\u00e9e. Nos recommandations sont de lire les d\u00e9clarations de confidentialit\u00e9 de ces sites web avant de les utiliser.<\/p><h2>7. Modifications apport\u00e9es \u00e0 la pr\u00e9sente d\u00e9claration de confidentialit\u00e9<\/h2><p>Nous nous r\u00e9servons le droit de modifier la pr\u00e9sente d\u00e9claration de confidentialit\u00e9. Il est recommand\u00e9 de la consulter r\u00e9guli\u00e8rement afin de prendre connaissance de toute modification. Nous vous tiendrons inform\u00e9s dans la mesure du possible.<\/p><h2>8. Acc\u00e9dez \u00e0 vos donn\u00e9es et modificateurs<\/h2><p>Si vous avez des questions ou si vous avez connaissance du personnel que nous mettons \u00e0 votre disposition, veuillez consulter nos coordonn\u00e9es. Assurez-vous de nous confirmer votre identit\u00e9 chaque jour, afin que nos informations ne soient pas d\u00e9form\u00e9es ou utilis\u00e9es \u00e0 mauvais escient. Nous ne fournirons les informations demand\u00e9es que lors de la r\u00e9ception d&#039;une demande d&#039;un consommateur v\u00e9rifiable. Vous pouvez nous contacter pour obtenir les informations pertinentes.<\/p><p class=\"cmplz-subtitle\">8.1 Vous avez les droits suivants concernant vos donn\u00e9es personnelles<\/p><ol class=\"alphabetic\">\n                        <li>Vous pouvez adresser une demande d&#039;acc\u00e8s aux donn\u00e9es concernant notre traitement.<\/li>\n                        <li>Vous pouvez demander une vue de l&#039;ensemble, sous un format commun\u00e9ment utilis\u00e9, des donn\u00e9es que nous traitons \u00e0 votre sujet.<\/li>\n                        <li>Vous pouvez exiger la rectification ou la suppression de vos donn\u00e9es si elles sont inexactes ou obsol\u00e8tes. Le cas \u00e9ch\u00e9ant, les informations modifi\u00e9es seront communiqu\u00e9es aux tiers concern\u00e9s.<\/li>\n                        <li>Vous avez le droit de retirer votre consentement \u00e0 tout moment, sous r\u00e9serve des restrictions contractuelles ou l\u00e9gales et d&#039;un pr\u00e9avis raisonnable. Vous serez inform\u00e9(e) des implications li\u00e9es \u00e0 la r\u00e9alisation d&#039;un portrait.<\/li>\n                        <li>Vous avez le droit d&#039;adresser \u00e0 nore organisation une objection concernant tout non respect de la LPRDE et, si le probl\u00e8me n&#039;est pas r\u00e9solu, au Commissariat \u00e0 la protection de la vie priv\u00e9e du Canada.<\/li>\n                        <li>Nous donnons l&#039;acc\u00e8s aux informations personnelles sous un format alternatif \u00e0 tout individu ayant un handicap sensoriel et le droit \u00e0 l&#039;acc\u00e8s \u00e0 l&#039;acc\u00e8s \u00e0 des informations personnelles sous la LRPDE, dans le cas o\u00f9 l&#039;individu demande \u00e0 ce qu&#039;elles soient transmises sous ce format alternatif si (a) une version des informations d\u00e9j\u00e0 sous ce format existe; ou (b) leur conversion vers ce format est raisonnable et n\u00e9cessaire afin que l&#039;individu puisse exercer ses droits.<\/li>\n                      <\/ol><h2>9. Enfants<\/h2><p>Notre site web n&#039;est pas con\u00e7u pour les enfants et il n&#039;est pas dans notre intention de recueillir des donn\u00e9es personnelles aupr\u00e8s d&#039;enfants sous l&#039;\u00e2ge de consentement de leur pays de r\u00e9sidence. Nos demandes sont formul\u00e9es par des enfants afin que nous ayons le consentement pour les envoyer \u00e0 notre personnel.<\/p><h2>10. Coordonn\u00e9es<\/h2><p>Cleefcompany SpA<br \/>\n        Eulogia S\u00e1nchez 065, 7500895 Providencia, R\u00e9gion M\u00e9tropolitaine<br \/>\n        Chili<br \/>\n        Site web: <a href=\"https:\/\/cleefbible.com\/fr\">https:\/\/cleefbible.com\/fr<\/a> <br \/>\n        E-mail: <span class=\"cmplz-obfuscate\">info@<span class=\"cmplz-fmail-domain\">ex.com<\/span>c&#108;ee&#102;&#099;o&#109;&#112;&#097;&#110;y&#046;&#099;om<\/span> <br \/>\n        <br \/>\n        Num\u00e9ro de t\u00e9l\u00e9phone : +56 9 3611 7727<\/p><p>Nous disposons d\u00e9sormais du nom d&#039;une personne dont les coordonn\u00e9es permettent de nous renseigner sur les politiques et pratiques de l&#039;organisation, et \u00e0 qui toutes les informations, qu&#039;elles soient claires ou non, peuvent \u00eatre transmises\u00a0:<br \/>Service d&#039;assistance de Cleefcompany<br \/>Eulogia S\u00e1nchez 065, 7500895 Providencia, R\u00e9gion M\u00e9tropolitaine<\/p><\/div>","protected":false},"excerpt":{"rendered":"","protected":false},"author":2,"featured_media":0,"parent":0,"menu_order":12,"comment_status":"closed","ping_status":"closed","template":"","meta":{"_et_pb_use_builder":"","_et_pb_old_content":"","_et_gb_content_width":"","_monsterinsights_skip_tracking":false,"_monsterinsights_sitenote_active":false,"_monsterinsights_sitenote_note":"","_monsterinsights_sitenote_category":0,"footnotes":""},"class_list":["post-1098","page","type-page","status-publish","hentry"],"_links":{"self":[{"href":"https:\/\/cleefbible.com\/fr\/wp-json\/wp\/v2\/pages\/1098","targetHints":{"allow":["GET"]}}],"collection":[{"href":"https:\/\/cleefbible.com\/fr\/wp-json\/wp\/v2\/pages"}],"about":[{"href":"https:\/\/cleefbible.com\/fr\/wp-json\/wp\/v2\/types\/page"}],"author":[{"embeddable":true,"href":"https:\/\/cleefbible.com\/fr\/wp-json\/wp\/v2\/users\/2"}],"replies":[{"embeddable":true,"href":"https:\/\/cleefbible.com\/fr\/wp-json\/wp\/v2\/comments?post=1098"}],"version-history":[{"count":1,"href":"https:\/\/cleefbible.com\/fr\/wp-json\/wp\/v2\/pages\/1098\/revisions"}],"predecessor-version":[{"id":1099,"href":"https:\/\/cleefbible.com\/fr\/wp-json\/wp\/v2\/pages\/1098\/revisions\/1099"}],"wp:attachment":[{"href":"https:\/\/cleefbible.com\/fr\/wp-json\/wp\/v2\/media?parent=1098"}],"curies":[{"name":"wp","href":"https:\/\/api.w.org\/{rel}","templated":true}]}}